{"id":15,"date":"2012-05-17T16:35:50","date_gmt":"2012-05-17T14:35:50","guid":{"rendered":"http:\/\/stempelfee.bastelblogs.de\/?page_id=15"},"modified":"2022-11-22T14:16:03","modified_gmt":"2022-11-22T13:16:03","slug":"uber-mich","status":"publish","type":"page","link":"http:\/\/stempelfee-jana.de\/?page_id=15","title":{"rendered":"\u00dcber mich"},"content":{"rendered":"<h2>Hallo,<\/h2>\n<p>ich bin Jana :), 3 fache Mama, 41 Jahre \ud83d\ude09 und wohne in Hamburg. Meine Heimatstadt ist Woldegk, dass liegt in Mecklenburg Vorpommern.<br \/>\nIch liebe es kreativ zu sein und mit Aquarell Farben zu Experimentieren. -*_*-<br \/>\nSchon seit 2000 <strong>ich Verzaubern ich meinen Tag mit kreativen Ideen<\/strong>\ud83d\ude09<\/p>\n<p>Am liebsten schaue ich auf Netflix oder Rakuten Viki asiatische Serien.<\/p>\n<p>Ansonsten arbeite ich mit und an mir. \u270c\ud83c\udffc<br \/>\n<a href=\"http:\/\/stempelfee-jana.de\/wp-content\/uploads\/2019\/09\/Ich-2015.jpg\"><img loading=\"lazy\" decoding=\"async\" src=\"http:\/\/stempelfee-jana.de\/wp-content\/uploads\/2019\/09\/Ich-2015.jpg\" class=\"aligncenter size-full wp-image-4415\" alt=\"Ich 2015\" width=\"147\" height=\"300\"><\/a><br \/>\nSchaut euch hier um &#8230; und hinterlasst mir doch bitte ein Kommentar.<br \/>\nDankesch\u00f6n und viel Spa\u00df w\u00fcnscht<br \/>\neuch StempelfeeJana \ud83d\ude42<br \/>\n&nbsp;<\/p>\n","protected":false},"excerpt":{"rendered":"<p>Hallo, ich bin Jana :), 3 fache Mama, 41 Jahre \ud83d\ude09 und wohne in Hamburg. Meine Heimatstadt ist Woldegk, dass liegt in Mecklenburg Vorpommern. Ich liebe es kreativ zu sein und mit Aquarell Farben zu Experimentieren. -*_*- Schon seit 2000 ich Verzaubern ich meinen Tag mit kreativen Ideen\ud83d\ude09 Am liebsten schaue ich auf Netflix oder [&hellip;]<\/p>\n","protected":false},"author":1,"featured_media":0,"parent":0,"menu_order":6,"comment_status":"closed","ping_status":"closed","template":"","meta":{"footnotes":""},"class_list":["post-15","page","type-page","status-publish","hentry"],"_links":{"self":[{"href":"http:\/\/stempelfee-jana.de\/index.php?rest_route=\/wp\/v2\/pages\/15","targetHints":{"allow":["GET"]}}],"collection":[{"href":"http:\/\/stempelfee-jana.de\/index.php?rest_route=\/wp\/v2\/pages"}],"about":[{"href":"http:\/\/stempelfee-jana.de\/index.php?rest_route=\/wp\/v2\/types\/page"}],"author":[{"embeddable":true,"href":"http:\/\/stempelfee-jana.de\/index.php?rest_route=\/wp\/v2\/users\/1"}],"replies":[{"embeddable":true,"href":"http:\/\/stempelfee-jana.de\/index.php?rest_route=%2Fwp%2Fv2%2Fcomments&post=15"}],"version-history":[{"count":6,"href":"http:\/\/stempelfee-jana.de\/index.php?rest_route=\/wp\/v2\/pages\/15\/revisions"}],"predecessor-version":[{"id":5918,"href":"http:\/\/stempelfee-jana.de\/index.php?rest_route=\/wp\/v2\/pages\/15\/revisions\/5918"}],"wp:attachment":[{"href":"http:\/\/stempelfee-jana.de\/index.php?rest_route=%2Fwp%2Fv2%2Fmedia&parent=15"}],"curies":[{"name":"wp","href":"https:\/\/api.w.org\/{rel}","templated":true}]}}